{"id":2,"date":"2016-05-10T03:48:21","date_gmt":"2016-05-10T03:48:21","guid":{"rendered":"http:\/\/wordpress.nameless-joy.de\/?page_id=2"},"modified":"2024-10-30T11:51:03","modified_gmt":"2024-10-30T11:51:03","slug":"sample-page","status":"publish","type":"page","link":"https:\/\/nameless-joy.de\/","title":{"rendered":"Home"},"content":{"rendered":"<h1>\u201cWo die Sprache keine Worte findet, beginnt die Musik&#8230;.\u201d<\/h1>\n<p>Wir sind ein Gospelchor von circa 60 &#8211; 70 Hobbys\u00e4ngern und -s\u00e4ngerinnen.<\/p>\n<p>Bei unseren Treffen steht nat\u00fcrlich die Musik im Vordergrund, aber wir sind auch alle immer wieder mit guter Laune dabei und so manche dicke Freundschaft wurde schon gekn\u00fcpft!<\/p>\n<p>Unser Chor besteht seit 2004 und als eine der schwierigsten Aufgaben neben dem Singen gewisser Tonfolgen erwies sich die Suche nach einem passenden Namen. F\u00fcr ein Plakat wollte der Pastor unbedingt noch einen wohlklingenden Namen f\u00fcr uns. Die Zeit dr\u00e4ngte und Andrea nahm spontan aus Beethovens Oper &#8222;Fidelio&#8220; das Duett &#8222;O namenlose Freude&#8220;, einen der H\u00f6hepunkte der Opernhandlung, zum Vorbild. In ihren E-Mails an uns schrieb sie nun an \u201eliebe Namenlose\u201c mit \u201eviel Freude\u201c und \u00e4hnlich. Daraus wurden die namenlos Freudigen. Und schlie\u00dflich war es f\u00fcr sie nur noch ein Klacks das ganze ins Englische zu \u00fcbertragen!<br \/>Nun sind wir mit Fug und Recht und Stolz der Gospelchor \u201eNameless Joy\u201c!<\/p>\n<p>Unser Repertoire umfasst verschiedenste Gospels und Lieder in englischer Sprache und in Kisuaheli und Xhosa. Unsere St\u00e4ndchen tragen wir auch gerne in unserer Muttersprache Deutsch vor.<\/p>\n<p>Zu unseren Auftritten erscheinen wir in<br \/>Schwarz mit <a href=\"https:\/\/nameless-joy.de\/?page_id=147\">t\u00fcrkisem Schal<\/a>.<\/p>\n<p>Unsere Probenzeiten und Probenorte:<\/p>\n\n\n<figure class=\"wp-block-table\"><table><tbody><tr><td>Jeden Donnerstag  <br>19:30 &#8211; 21:30 Uhr<br>au\u00dfer in den Ferien <\/td><td><\/td><td>Proben in der Pauluskirche Marl, R\u00f6merstra\u00dfe 61 (in den ungeraden Kalenderwochen)<br>und<br>Proben in der Grundschule (Heideschule), Haltern Flaesheim, Zum Dachsberg 8 (in den geraden Kalenderwochen)<\/td><\/tr><\/tbody><\/table><\/figure>\n\n\n\n<p><em><strong>*Die Musik ist die Sprache der Leidenschaft.&#8220;<br> (Richard Wagner)<\/strong><\/em><\/p>\n\n\n\n<p><\/p>\n","protected":false},"excerpt":{"rendered":"<p>\u201cWo die Sprache keine Worte findet, beginnt die Musik&#8230;.\u201d Wir sind ein Gospelchor von circa 60 &#8211; 70 Hobbys\u00e4ngern und -s\u00e4ngerinnen. Bei unseren Treffen steht nat\u00fcrlich die Musik im Vordergrund, aber wir sind auch alle immer wieder mit guter Laune<\/p>\n","protected":false},"author":1,"featured_media":0,"parent":0,"menu_order":0,"comment_status":"closed","ping_status":"closed","template":"","meta":{"footnotes":""},"class_list":["post-2","page","type-page","status-publish","hentry"],"_links":{"self":[{"href":"https:\/\/nameless-joy.de\/index.php?rest_route=\/wp\/v2\/pages\/2"}],"collection":[{"href":"https:\/\/nameless-joy.de\/index.php?rest_route=\/wp\/v2\/pages"}],"about":[{"href":"https:\/\/nameless-joy.de\/index.php?rest_route=\/wp\/v2\/types\/page"}],"author":[{"embeddable":true,"href":"https:\/\/nameless-joy.de\/index.php?rest_route=\/wp\/v2\/users\/1"}],"replies":[{"embeddable":true,"href":"https:\/\/nameless-joy.de\/index.php?rest_route=%2Fwp%2Fv2%2Fcomments&post=2"}],"version-history":[{"count":61,"href":"https:\/\/nameless-joy.de\/index.php?rest_route=\/wp\/v2\/pages\/2\/revisions"}],"predecessor-version":[{"id":503,"href":"https:\/\/nameless-joy.de\/index.php?rest_route=\/wp\/v2\/pages\/2\/revisions\/503"}],"wp:attachment":[{"href":"https:\/\/nameless-joy.de\/index.php?rest_route=%2Fwp%2Fv2%2Fmedia&parent=2"}],"curies":[{"name":"wp","href":"https:\/\/api.w.org\/{rel}","templated":true}]}}