{"id":151,"date":"2019-10-10T16:54:21","date_gmt":"2019-10-10T16:54:21","guid":{"rendered":"http:\/\/wordpress.nameless-joy.de\/?page_id=151"},"modified":"2019-10-10T17:51:51","modified_gmt":"2019-10-10T17:51:51","slug":"gospel","status":"publish","type":"page","link":"https:\/\/nameless-joy.de\/?page_id=151","title":{"rendered":"Gospel"},"content":{"rendered":"\n<div class=\"wp-block-columns has-2-columns is-layout-flex wp-container-core-columns-is-layout-1 wp-block-columns-is-layout-flex\">\n<div class=\"wp-block-column is-layout-flow wp-block-column-is-layout-flow\">\n<p>Unser Name ist Programm, wir singen aus Spa\u00df an der Freude, an der Musik und als Gospelchor nat\u00fcrlich auch zu Gottes Lob.<\/p>\n\n\n\n<p>\u201eSinge, wem Gesang gegeben!\u201c  (Ludwig Uhland)<\/p>\n\n\n\n<p>Gospel, englisch :  gute Nachricht (religi\u00f6se Deutung), Evangelium<\/p>\n\n\n\n<p>Der Wortstamm ist aus dem Altenglischen:<br>\ngod  : gut<br>\nspel : die Nachricht, die Erz\u00e4hlung<\/p>\n\n\n\n<p>Gospel bezeichnet christliche Musik des 19. &#8211; 21. Jahrhunderts und ist afro-amerikanischen Ursprungs.<\/p>\n\n\n\n<p>Viele dieser ausdrucksstarken Songs entstanden w\u00e4hrend der Zeit der Sklaverei.<br>\nDer Gesang war wichtiger Motivator und st\u00e4rkte den Glauben und damit die Pers\u00f6nlichkeit und den Zusammenhalt der Unterdr\u00fcckten. Viele fanden hier Zuspruch in Not, Verzweiflung und Ausweglosigkeit.<\/p>\n\n\n\n<p>Es sind christliche Lieder, die das Gef\u00fchl nach Liebe und Anerkennung ausdr\u00fccken. Aber auch die Freude, die man im Glauben finden kann, die Hoffnung auf bessere Zeiten und auf Frieden und Erl\u00f6sung finden hier Ausdruck.<\/p>\n\n\n\n<p>Die gro\u00dfe Leidenschaft, mit der Gospels vorgetragen werden, zeugen von tiefem Glauben, oft der einzige gro\u00dfe Halt in einem harten Leben, das von Arbeit, Unterdr\u00fcckung und Ungerechtigkeit bestimmt war. Und sie berichten von dem Vertrauen auf Gott und seine Gnade.<br>\nGospels haben eing\u00e4ngige Refrains, die jeder mitsingen kann und viel Platz f\u00fcr Improvisation (daran \u00fcben wir noch!). Gospeln, das ist mitmachen, mitsingen und mitfeiern!<\/p>\n<\/div>\n\n\n\n<div class=\"wp-block-column is-layout-flow wp-block-column-is-layout-flow\">\n<figure class=\"wp-block-image\"><img loading=\"lazy\" decoding=\"async\" width=\"332\" height=\"501\" src=\"http:\/\/wordpress.nameless-joy.de\/wp-content\/uploads\/2019\/10\/Unser_Andrea.jpg\" alt=\"\" class=\"wp-image-154\" srcset=\"https:\/\/nameless-joy.de\/wp-content\/uploads\/2019\/10\/Unser_Andrea.jpg 332w, https:\/\/nameless-joy.de\/wp-content\/uploads\/2019\/10\/Unser_Andrea-199x300.jpg 199w\" sizes=\"(max-width: 332px) 100vw, 332px\" \/><figcaption>\u201eGospel macht zuverl\u00e4ssig gl\u00fccklich!\u201c  (Andrea Claudia Kittel)<\/figcaption><\/figure>\n<\/div>\n<\/div>\n","protected":false},"excerpt":{"rendered":"<p>Unser Name ist Programm, wir singen aus Spa\u00df an der Freude, an der Musik und als Gospelchor nat\u00fcrlich auch zu Gottes Lob. \u201eSinge, wem Gesang gegeben!\u201c (Ludwig Uhland) Gospel, englisch : gute Nachricht (religi\u00f6se Deutung), Evangelium Der Wortstamm ist aus<\/p>\n","protected":false},"author":1,"featured_media":0,"parent":0,"menu_order":0,"comment_status":"closed","ping_status":"closed","template":"","meta":{"footnotes":""},"class_list":["post-151","page","type-page","status-publish","hentry"],"_links":{"self":[{"href":"https:\/\/nameless-joy.de\/index.php?rest_route=\/wp\/v2\/pages\/151"}],"collection":[{"href":"https:\/\/nameless-joy.de\/index.php?rest_route=\/wp\/v2\/pages"}],"about":[{"href":"https:\/\/nameless-joy.de\/index.php?rest_route=\/wp\/v2\/types\/page"}],"author":[{"embeddable":true,"href":"https:\/\/nameless-joy.de\/index.php?rest_route=\/wp\/v2\/users\/1"}],"replies":[{"embeddable":true,"href":"https:\/\/nameless-joy.de\/index.php?rest_route=%2Fwp%2Fv2%2Fcomments&post=151"}],"version-history":[{"count":7,"href":"https:\/\/nameless-joy.de\/index.php?rest_route=\/wp\/v2\/pages\/151\/revisions"}],"predecessor-version":[{"id":165,"href":"https:\/\/nameless-joy.de\/index.php?rest_route=\/wp\/v2\/pages\/151\/revisions\/165"}],"wp:attachment":[{"href":"https:\/\/nameless-joy.de\/index.php?rest_route=%2Fwp%2Fv2%2Fmedia&parent=151"}],"curies":[{"name":"wp","href":"https:\/\/api.w.org\/{rel}","templated":true}]}}